{"id":10214,"date":"2022-05-15T23:34:48","date_gmt":"2022-05-15T20:34:48","guid":{"rendered":"https:\/\/www.amarillasistanbul.com\/mesafeli-satis-sozlesmesi\/"},"modified":"2024-04-10T07:10:32","modified_gmt":"2024-04-10T04:10:32","slug":"distance-selling-contract","status":"publish","type":"page","link":"https:\/\/www.amarillasistanbul.com\/en\/distance-selling-contract\/","title":{"rendered":"Distance Selling Contract"},"content":{"rendered":"<p>This contract has been prepared upon the obligation to prepare contracts for sales realized through the internet according the \u201cRegulation on Procedures and Principles of Distance Contracts \u201c published in the 27.11.2014 dated 29188 numbered Official Gazette, and is itemized as follows below.<br \/>\nArticle 1 \u2013 Subject:<br \/>\nThe subject of this contract is that the SELLER realized a sales to the BUYER, and encompasses the rights and obligations of the parties regarding the sales and delivery of the product for which the features and sales price is specified below according the provisions subjected by the Consumer Protection Law Nr. 4077 \u2013 Regulation on Procedures and Principles of Distance Contracts.<br \/>\nArticle 2.1 \u2013 Seller InformationTitle:<br \/>\nKRN Giyim G\u0131da \u0130n\u015faat Sanayi ve Tic. Ltd. \u015eti.<br \/>\nAddress: Tatl\u0131su Mh. Elalm\u0131\u015f Cd. No: 73\/3 \u00dcmraniye\/\u0130stanbul\/ T\u00fcrkiye<br \/>\nTelephone: +90 533 312 87 01<br \/>\nEmail: info@amarillasistanbul.com<\/p>\n<p>Article 3 \u2013 Product Information Subject to Contract<br \/>\nThe products\u2019 type and specification, quantity, brand\/model, color, sales price is as stated in the e-mail.<br \/>\nArticle 4 \u2013 General Provisions<br \/>\n4.1 \u2013The BUYER declares that he\/she read and informed him-\/herself on the preliminary information regarding the product or products mentioned in Article 3 and subject to this contract and its\/their basic specifications, sales price and payment method and delivery, and gave necessary confirmation in the electronic medium.<br \/>\n4.2 \u2013 The product or products subject to this contract, on the condition that the legal 30 day period is not exceeded, each product will be delivered to the BUYER or the person\/organization at the address provided by the BUYER, depending on the BUYER\u2019s settlement distance, within the determined delivery period mentioned in the preliminary information. This period can be extended by an utmost 10 days given the BUYER is informed of the extension beforehand.<br \/>\n4.3 \u2013 If the product subject to this contract is to be delivered to another person\/organization than the BUYER, the SELLER cannot be held responsible if the designated person\/organization does not accept the delivery.<br \/>\n4.4 \u2013The SELLER is responsible of the product subject to this contract to be delivered robust, complete, according to the qualifications specified in the order.<br \/>\n4.5 \u2013 For the product subject to this contract to be delivered, it is required that this contract is accepted by the BUYER and the price has been paid via the BUYER\u2019s choice of payment method. In case the product\u2019s price is for any reason not paid or canceled in the the bank records, it is accepted that the SELLER is freed from the liability of delivering the product.<br \/>\n4.6- If after the delivery of the product, the credit card of the BUYER by no fault of the BUYER is used unjustly or unlawfully by unauthorized persons and the bank or financial organization therefore is not paying the price in the name of the SELLER, provided that the product was delivered to the BUYER, it is obligatory to send the product to the SELLER\u2019s contact address(es) within 3 days. In this case the transport costs belong to the BUYER.<br \/>\n4.7- If the SELLER cannot deliver the product subject to this contract within the period due to force majeure or reasons that prevent transportation such as extraordinary conditions of adverse weather conditions, interruption of transportation, the SELLER is liable to inform the BUYER of the situation. In this case the BUYER can decide to use on of these three options: cancel the order, request the product subject to this contract to be \u2013 if available \u2013 changed with a precedent and\/or postpone the delivery until the situation preventing the delivery is resolved. In case the BUYER cancels the order, the amount he\/she paid is reimbursed within 10 days in cash and at once.<br \/>\n4.8- Sold products that are defective or broken (defects and breaks caused by the BUYER him-\/herself excluded) can be sent to the SELLER\u2019s contact addresses for necessary repairs within their warranty terms and conditions; in this case the shipping expenses will be paid by the SELLER. However the BUYER is obliged to control the products upon delivery.<br \/>\n4.9- This contract becomes effective after it is accepted by the BUYER.<\/p>\n<p>Article 5 \u2013 Right of Withdrawal<br \/>\nThe BUYER has the right of withdrawal from the product subject to this contract within seven (15) days of delivery to him-\/herself or the person\/organization designated by him-\/herself.<br \/>\nIn order to use the right of withdrawal, it is obligatory to notify the SELLER communication channels within this period through fax, e-mail or telephone and the product has not been used according the related article\u2019s provisions.<br \/>\nUsed products cannot be returned..<br \/>\nIn case this right is used, it is mandatory to return the product delivered to a 3. party or the BUYER complete with the shipping cargo delivery record showing it is sent to the SELLER contact addresses, the original bill, box, packaging, \u2013 if available \u2013 standard accessories. Otherwise, the return will not be accepted.<br \/>\nWithin the following 7 days of the receival of these documents, the product price is reimbursed to the BUYER. If the original invoice is not sent the returned product is not accepted. For order returns for which the original invoice was prepared in the name of a corporation, the reimbursement is realized to the card of the BUYER within 15 days of the SELLER receiving the return receipt. The return shipping cost of the product subject to the right of withdrawal is paid by the BUYER. The consumer cannot use his\/her right of withdrawal on products which have been produced or changed or added on according the consumers\u2019 special requests and demands and therefore have been personalized.<br \/>\nUp to the value declared by the Ministry of Industry and Trade, the implementation of this agreement is under the authority of Consumer Arbitration Committee and Consumer Courts at the settlement address of the SELLER.<br \/>\nIn the case of the order being finalized, the BUYER is deemed to have accepted all the terms of this contract.<\/p>\n","protected":false},"excerpt":{"rendered":"<p>This contract has been prepared upon the obligation to prepare contracts for sales realized through the internet according the \u201cRegulation<\/p>\n","protected":false},"author":1,"featured_media":0,"parent":0,"menu_order":0,"comment_status":"closed","ping_status":"closed","template":"","meta":{"footnotes":""},"class_list":["post-10214","page","type-page","status-publish","hentry"],"yoast_head":"<!-- This site is optimized with the Yoast SEO plugin v24.0 - https:\/\/yoast.com\/wordpress\/plugins\/seo\/ -->\n<title>Distance Selling Contract | A Marilla&#039;s \u0130stanbul<\/title>\n<meta name=\"robots\" content=\"index, follow, max-snippet:-1, max-image-preview:large, max-video-preview:-1\" \/>\n<link rel=\"canonical\" href=\"https:\/\/www.amarillasistanbul.com\/en\/distance-selling-contract\/\" \/>\n<meta property=\"og:locale\" content=\"en_US\" \/>\n<meta property=\"og:type\" content=\"article\" \/>\n<meta property=\"og:title\" content=\"Distance Selling Contract | A Marilla&#039;s \u0130stanbul\" \/>\n<meta property=\"og:description\" content=\"This contract has been prepared upon the obligation to prepare contracts for sales realized through the internet according the \u201cRegulation\" \/>\n<meta property=\"og:url\" content=\"https:\/\/www.amarillasistanbul.com\/en\/distance-selling-contract\/\" \/>\n<meta property=\"og:site_name\" content=\"A Marilla&#039;s \u0130stanbul\" \/>\n<meta property=\"article:modified_time\" content=\"2024-04-10T04:10:32+00:00\" \/>\n<meta name=\"twitter:card\" content=\"summary_large_image\" \/>\n<meta name=\"twitter:label1\" content=\"Est. reading time\" \/>\n\t<meta name=\"twitter:data1\" content=\"6 minutes\" \/>\n<script type=\"application\/ld+json\" class=\"yoast-schema-graph\">{\"@context\":\"https:\/\/schema.org\",\"@graph\":[{\"@type\":\"WebPage\",\"@id\":\"https:\/\/www.amarillasistanbul.com\/en\/distance-selling-contract\/\",\"url\":\"https:\/\/www.amarillasistanbul.com\/en\/distance-selling-contract\/\",\"name\":\"Distance Selling Contract | A Marilla's \u0130stanbul\",\"isPartOf\":{\"@id\":\"https:\/\/www.amarillasistanbul.com\/#website\"},\"datePublished\":\"2022-05-15T20:34:48+00:00\",\"dateModified\":\"2024-04-10T04:10:32+00:00\",\"breadcrumb\":{\"@id\":\"https:\/\/www.amarillasistanbul.com\/en\/distance-selling-contract\/#breadcrumb\"},\"inLanguage\":\"en-US\",\"potentialAction\":[{\"@type\":\"ReadAction\",\"target\":[\"https:\/\/www.amarillasistanbul.com\/en\/distance-selling-contract\/\"]}]},{\"@type\":\"BreadcrumbList\",\"@id\":\"https:\/\/www.amarillasistanbul.com\/en\/distance-selling-contract\/#breadcrumb\",\"itemListElement\":[{\"@type\":\"ListItem\",\"position\":1,\"name\":\"Anasayfa\",\"item\":\"https:\/\/www.amarillasistanbul.com\/en\/\"},{\"@type\":\"ListItem\",\"position\":2,\"name\":\"Distance Selling Contract\"}]},{\"@type\":\"WebSite\",\"@id\":\"https:\/\/www.amarillasistanbul.com\/#website\",\"url\":\"https:\/\/www.amarillasistanbul.com\/\",\"name\":\"A Marilla's \u0130stanbul\",\"description\":\"A Marilla's \u0130stanbul\",\"publisher\":{\"@id\":\"https:\/\/www.amarillasistanbul.com\/#organization\"},\"potentialAction\":[{\"@type\":\"SearchAction\",\"target\":{\"@type\":\"EntryPoint\",\"urlTemplate\":\"https:\/\/www.amarillasistanbul.com\/?s={search_term_string}\"},\"query-input\":{\"@type\":\"PropertyValueSpecification\",\"valueRequired\":true,\"valueName\":\"search_term_string\"}}],\"inLanguage\":\"en-US\"},{\"@type\":\"Organization\",\"@id\":\"https:\/\/www.amarillasistanbul.com\/#organization\",\"name\":\"A Marilla's Istanbul\",\"url\":\"https:\/\/www.amarillasistanbul.com\/\",\"logo\":{\"@type\":\"ImageObject\",\"inLanguage\":\"en-US\",\"@id\":\"https:\/\/www.amarillasistanbul.com\/#\/schema\/logo\/image\/\",\"url\":\"https:\/\/www.amarillasistanbul.com\/wp-content\/uploads\/2022\/05\/Amarillas-Logo-1.svg\",\"contentUrl\":\"https:\/\/www.amarillasistanbul.com\/wp-content\/uploads\/2022\/05\/Amarillas-Logo-1.svg\",\"width\":177,\"height\":187,\"caption\":\"A Marilla's Istanbul\"},\"image\":{\"@id\":\"https:\/\/www.amarillasistanbul.com\/#\/schema\/logo\/image\/\"},\"sameAs\":[\"https:\/\/www.instagram.com\/amarillas.istanbul\/\"]}]}<\/script>\n<!-- \/ Yoast SEO plugin. -->","yoast_head_json":{"title":"Distance Selling Contract | A Marilla's \u0130stanbul","robots":{"index":"index","follow":"follow","max-snippet":"max-snippet:-1","max-image-preview":"max-image-preview:large","max-video-preview":"max-video-preview:-1"},"canonical":"https:\/\/www.amarillasistanbul.com\/en\/distance-selling-contract\/","og_locale":"en_US","og_type":"article","og_title":"Distance Selling Contract | A Marilla's \u0130stanbul","og_description":"This contract has been prepared upon the obligation to prepare contracts for sales realized through the internet according the \u201cRegulation","og_url":"https:\/\/www.amarillasistanbul.com\/en\/distance-selling-contract\/","og_site_name":"A Marilla's \u0130stanbul","article_modified_time":"2024-04-10T04:10:32+00:00","twitter_card":"summary_large_image","twitter_misc":{"Est. reading time":"6 minutes"},"schema":{"@context":"https:\/\/schema.org","@graph":[{"@type":"WebPage","@id":"https:\/\/www.amarillasistanbul.com\/en\/distance-selling-contract\/","url":"https:\/\/www.amarillasistanbul.com\/en\/distance-selling-contract\/","name":"Distance Selling Contract | A Marilla's \u0130stanbul","isPartOf":{"@id":"https:\/\/www.amarillasistanbul.com\/#website"},"datePublished":"2022-05-15T20:34:48+00:00","dateModified":"2024-04-10T04:10:32+00:00","breadcrumb":{"@id":"https:\/\/www.amarillasistanbul.com\/en\/distance-selling-contract\/#breadcrumb"},"inLanguage":"en-US","potentialAction":[{"@type":"ReadAction","target":["https:\/\/www.amarillasistanbul.com\/en\/distance-selling-contract\/"]}]},{"@type":"BreadcrumbList","@id":"https:\/\/www.amarillasistanbul.com\/en\/distance-selling-contract\/#breadcrumb","itemListElement":[{"@type":"ListItem","position":1,"name":"Anasayfa","item":"https:\/\/www.amarillasistanbul.com\/en\/"},{"@type":"ListItem","position":2,"name":"Distance Selling Contract"}]},{"@type":"WebSite","@id":"https:\/\/www.amarillasistanbul.com\/#website","url":"https:\/\/www.amarillasistanbul.com\/","name":"A Marilla's \u0130stanbul","description":"A Marilla's \u0130stanbul","publisher":{"@id":"https:\/\/www.amarillasistanbul.com\/#organization"},"potentialAction":[{"@type":"SearchAction","target":{"@type":"EntryPoint","urlTemplate":"https:\/\/www.amarillasistanbul.com\/?s={search_term_string}"},"query-input":{"@type":"PropertyValueSpecification","valueRequired":true,"valueName":"search_term_string"}}],"inLanguage":"en-US"},{"@type":"Organization","@id":"https:\/\/www.amarillasistanbul.com\/#organization","name":"A Marilla's Istanbul","url":"https:\/\/www.amarillasistanbul.com\/","logo":{"@type":"ImageObject","inLanguage":"en-US","@id":"https:\/\/www.amarillasistanbul.com\/#\/schema\/logo\/image\/","url":"https:\/\/www.amarillasistanbul.com\/wp-content\/uploads\/2022\/05\/Amarillas-Logo-1.svg","contentUrl":"https:\/\/www.amarillasistanbul.com\/wp-content\/uploads\/2022\/05\/Amarillas-Logo-1.svg","width":177,"height":187,"caption":"A Marilla's Istanbul"},"image":{"@id":"https:\/\/www.amarillasistanbul.com\/#\/schema\/logo\/image\/"},"sameAs":["https:\/\/www.instagram.com\/amarillas.istanbul\/"]}]}},"_links":{"self":[{"href":"https:\/\/www.amarillasistanbul.com\/en\/wp-json\/wp\/v2\/pages\/10214","targetHints":{"allow":["GET"]}}],"collection":[{"href":"https:\/\/www.amarillasistanbul.com\/en\/wp-json\/wp\/v2\/pages"}],"about":[{"href":"https:\/\/www.amarillasistanbul.com\/en\/wp-json\/wp\/v2\/types\/page"}],"author":[{"embeddable":true,"href":"https:\/\/www.amarillasistanbul.com\/en\/wp-json\/wp\/v2\/users\/1"}],"replies":[{"embeddable":true,"href":"https:\/\/www.amarillasistanbul.com\/en\/wp-json\/wp\/v2\/comments?post=10214"}],"version-history":[{"count":7,"href":"https:\/\/www.amarillasistanbul.com\/en\/wp-json\/wp\/v2\/pages\/10214\/revisions"}],"predecessor-version":[{"id":11051,"href":"https:\/\/www.amarillasistanbul.com\/en\/wp-json\/wp\/v2\/pages\/10214\/revisions\/11051"}],"wp:attachment":[{"href":"https:\/\/www.amarillasistanbul.com\/en\/wp-json\/wp\/v2\/media?parent=10214"}],"curies":[{"name":"wp","href":"https:\/\/api.w.org\/{rel}","templated":true}]}}